{"id":8348,"date":"2020-06-25T16:09:47","date_gmt":"2020-06-25T15:09:47","guid":{"rendered":"http:\/\/sevenfitnessclub.pt\/teste\/wp2_teste\/?post_type=product&#038;p=8348"},"modified":"2023-05-29T18:31:36","modified_gmt":"2023-05-29T18:31:36","slug":"100-online","status":"publish","type":"product","link":"https:\/\/sevenfitnessclub.pt\/seven\/loja-online\/100-online\/","title":{"rendered":"100 % online"},"content":{"rendered":"<p>O treino 100% online \u00e9 uma modalidade de exerc\u00edcio f\u00edsico em\u00a0 t\u00eam acesso a programas de treino, aulas e acompanhamento de profissionais atrav\u00e9s da internet. \u00c9 uma forma conveniente e flex\u00edvel de se manter em forma pois permite treinar em casa ou em qualquer lugar, desde que se tenha acesso \u00e0 internet.<\/p>\n<p>Os treinos podem ser realizados em tempo real, com transmiss\u00e3o ao vivo, ou atrav\u00e9s de v\u00eddeos gravados disponibilizados em plataformas online. O treino 100% online proporciona a conveni\u00eancia de treinar no seu pr\u00f3prio ritmo, de acordo com a sua disponibilidade de tempo, sem a necessidade de se deslocar at\u00e9 ao SEVEN. \u00c9 uma op\u00e7\u00e3o pr\u00e1tica, acess\u00edvel e eficaz para manter a forma f\u00edsica e alcan\u00e7ar os objetivos de condicionamento f\u00edsico.<\/p>\n","protected":false},"excerpt":{"rendered":"<p>O treino 100% online \u00e9 uma modalidade de exerc\u00edcio f\u00edsico em\u00a0 t\u00eam acesso a programas de treino, aulas e acompanhamento de profissionais atrav\u00e9s da internet. \u00c9 uma forma conveniente e flex\u00edvel de se manter em forma pois permite treinar em casa ou em qualquer lugar, desde que se tenha acesso \u00e0 internet.<\/p>\n<p>Os treinos podem ser realizados em tempo real, com transmiss\u00e3o ao vivo, ou atrav\u00e9s de v\u00eddeos gravados disponibilizados em plataformas online. O treino 100% online proporciona a conveni\u00eancia de treinar no seu pr\u00f3prio ritmo, de acordo com a sua disponibilidade de tempo, sem a necessidade de se deslocar at\u00e9 ao SEVEN. \u00c9 uma op\u00e7\u00e3o pr\u00e1tica, acess\u00edvel e eficaz para manter a forma f\u00edsica e alcan\u00e7ar os objetivos de condicionamento f\u00edsico.<\/p>\n","protected":false},"featured_media":13679,"template":"","meta":[],"product_brand":[],"product_cat":[69,408,74],"product_tag":[],"class_list":{"0":"post-8348","1":"product","2":"type-product","3":"status-publish","4":"has-post-thumbnail","6":"product_cat-adesoes","7":"product_cat-aditivos","8":"product_cat-online","10":"first","11":"instock","12":"virtual","13":"taxable","14":"purchasable","15":"product-type-simple"},"yoast_head":"<!-- This site is optimized with the Yoast SEO plugin v26.1.1 - https:\/\/yoast.com\/wordpress\/plugins\/seo\/ -->\n<title>100 % online<\/title>\n<meta name=\"description\" content=\"O treino 100% online \u00e9 uma modalidade de exerc\u00edcio f\u00edsico em\u00a0 t\u00eam acesso a programas de treino, aulas e acompanhamento de profissionais atrav\u00e9s da internet. \u00c9 uma forma conveniente e flex\u00edvel de se manter em forma pois permite treinar em casa ou em qualquer lugar, desde que se tenha acesso \u00e0 internet.   Os treinos podem ser realizados em tempo real, com transmiss\u00e3o ao vivo, ou atrav\u00e9s de v\u00eddeos gravados disponibilizados em plataformas online. O treino 100% online proporciona a conveni\u00eancia de treinar no seu pr\u00f3prio ritmo, de acordo com a sua disponibilidade de tempo, sem a necessidade de se deslocar at\u00e9 ao SEVEN. \u00c9 uma op\u00e7\u00e3o pr\u00e1tica, acess\u00edvel e eficaz para manter a forma f\u00edsica e alcan\u00e7ar os objetivos de condicionamento f\u00edsico.\" \/>\n<meta name=\"robots\" content=\"index, follow, max-snippet:-1, max-image-preview:large, max-video-preview:-1\" \/>\n<link rel=\"canonical\" href=\"https:\/\/sevenfitnessclub.pt\/seven\/loja-online\/100-online\/\" \/>\n<meta property=\"og:locale\" content=\"pt_PT\" \/>\n<meta property=\"og:type\" content=\"article\" \/>\n<meta property=\"og:title\" content=\"100 % online\" \/>\n<meta property=\"og:description\" content=\"O treino 100% online \u00e9 uma modalidade de exerc\u00edcio f\u00edsico em\u00a0 t\u00eam acesso a programas de treino, aulas e acompanhamento de profissionais atrav\u00e9s da internet. \u00c9 uma forma conveniente e flex\u00edvel de se manter em forma pois permite treinar em casa ou em qualquer lugar, desde que se tenha acesso \u00e0 internet.   Os treinos podem ser realizados em tempo real, com transmiss\u00e3o ao vivo, ou atrav\u00e9s de v\u00eddeos gravados disponibilizados em plataformas online. O treino 100% online proporciona a conveni\u00eancia de treinar no seu pr\u00f3prio ritmo, de acordo com a sua disponibilidade de tempo, sem a necessidade de se deslocar at\u00e9 ao SEVEN. \u00c9 uma op\u00e7\u00e3o pr\u00e1tica, acess\u00edvel e eficaz para manter a forma f\u00edsica e alcan\u00e7ar os objetivos de condicionamento f\u00edsico.\" \/>\n<meta property=\"og:url\" content=\"https:\/\/sevenfitnessclub.pt\/seven\/loja-online\/100-online\/\" \/>\n<meta property=\"og:site_name\" content=\"Seven\" \/>\n<meta property=\"article:publisher\" content=\"https:\/\/www.facebook.com\/sevenfitnessclub.matosinhos\" \/>\n<meta property=\"article:modified_time\" content=\"2023-05-29T18:31:36+00:00\" \/>\n<meta property=\"og:image\" content=\"https:\/\/sevenfitnessclub.pt\/seven\/wp-content\/uploads\/online.png\" \/>\n\t<meta property=\"og:image:width\" content=\"750\" \/>\n\t<meta property=\"og:image:height\" content=\"750\" \/>\n\t<meta property=\"og:image:type\" content=\"image\/png\" \/>\n<meta name=\"twitter:card\" content=\"summary_large_image\" \/>\n<meta name=\"twitter:label1\" content=\"Tempo estimado de leitura\" \/>\n\t<meta name=\"twitter:data1\" content=\"1 minuto\" \/>\n<script type=\"application\/ld+json\" class=\"yoast-schema-graph\">{\"@context\":\"https:\/\/schema.org\",\"@graph\":[{\"@type\":\"WebPage\",\"@id\":\"https:\/\/sevenfitnessclub.pt\/seven\/loja-online\/100-online\/\",\"url\":\"https:\/\/sevenfitnessclub.pt\/seven\/loja-online\/100-online\/\",\"name\":\"100 % online\",\"isPartOf\":{\"@id\":\"https:\/\/sevenfitnessclub.pt\/seven\/#website\"},\"primaryImageOfPage\":{\"@id\":\"https:\/\/sevenfitnessclub.pt\/seven\/loja-online\/100-online\/#primaryimage\"},\"image\":{\"@id\":\"https:\/\/sevenfitnessclub.pt\/seven\/loja-online\/100-online\/#primaryimage\"},\"thumbnailUrl\":\"https:\/\/sevenfitnessclub.pt\/seven\/wp-content\/uploads\/online.png\",\"datePublished\":\"2020-06-25T15:09:47+00:00\",\"dateModified\":\"2023-05-29T18:31:36+00:00\",\"description\":\"O treino 100% online \u00e9 uma modalidade de exerc\u00edcio f\u00edsico em\u00a0 t\u00eam acesso a programas de treino, aulas e acompanhamento de profissionais atrav\u00e9s da internet. \u00c9 uma forma conveniente e flex\u00edvel de se manter em forma pois permite treinar em casa ou em qualquer lugar, desde que se tenha acesso \u00e0 internet. Os treinos podem ser realizados em tempo real, com transmiss\u00e3o ao vivo, ou atrav\u00e9s de v\u00eddeos gravados disponibilizados em plataformas online. O treino 100% online proporciona a conveni\u00eancia de treinar no seu pr\u00f3prio ritmo, de acordo com a sua disponibilidade de tempo, sem a necessidade de se deslocar at\u00e9 ao SEVEN. \u00c9 uma op\u00e7\u00e3o pr\u00e1tica, acess\u00edvel e eficaz para manter a forma f\u00edsica e alcan\u00e7ar os objetivos de condicionamento f\u00edsico.\",\"breadcrumb\":{\"@id\":\"https:\/\/sevenfitnessclub.pt\/seven\/loja-online\/100-online\/#breadcrumb\"},\"inLanguage\":\"pt-PT\",\"potentialAction\":[{\"@type\":\"ReadAction\",\"target\":[\"https:\/\/sevenfitnessclub.pt\/seven\/loja-online\/100-online\/\"]}]},{\"@type\":\"ImageObject\",\"inLanguage\":\"pt-PT\",\"@id\":\"https:\/\/sevenfitnessclub.pt\/seven\/loja-online\/100-online\/#primaryimage\",\"url\":\"https:\/\/sevenfitnessclub.pt\/seven\/wp-content\/uploads\/online.png\",\"contentUrl\":\"https:\/\/sevenfitnessclub.pt\/seven\/wp-content\/uploads\/online.png\",\"width\":750,\"height\":750},{\"@type\":\"BreadcrumbList\",\"@id\":\"https:\/\/sevenfitnessclub.pt\/seven\/loja-online\/100-online\/#breadcrumb\",\"itemListElement\":[{\"@type\":\"ListItem\",\"position\":1,\"name\":\"In\u00edcio\",\"item\":\"https:\/\/sevenfitnessclub.pt\/seven\/\"},{\"@type\":\"ListItem\",\"position\":2,\"name\":\"Loja Online\",\"item\":\"https:\/\/sevenfitnessclub.pt\/seven\/loja-online\/\"},{\"@type\":\"ListItem\",\"position\":3,\"name\":\"Ades\u00f5es\",\"item\":\"https:\/\/sevenfitnessclub.pt\/seven\/loja-online\/adesoes\/\"},{\"@type\":\"ListItem\",\"position\":4,\"name\":\"online\",\"item\":\"https:\/\/sevenfitnessclub.pt\/seven\/categoria-produto\/adesoes\/online\/\"},{\"@type\":\"ListItem\",\"position\":5,\"name\":\"100 % online\"}]},{\"@type\":\"WebSite\",\"@id\":\"https:\/\/sevenfitnessclub.pt\/seven\/#website\",\"url\":\"https:\/\/sevenfitnessclub.pt\/seven\/\",\"name\":\"Seven\",\"description\":\"Nutri\u00e7\u00e3o , sa\u00fade e fitness\",\"publisher\":{\"@id\":\"https:\/\/sevenfitnessclub.pt\/seven\/#organization\"},\"potentialAction\":[{\"@type\":\"SearchAction\",\"target\":{\"@type\":\"EntryPoint\",\"urlTemplate\":\"https:\/\/sevenfitnessclub.pt\/seven\/?s={search_term_string}\"},\"query-input\":{\"@type\":\"PropertyValueSpecification\",\"valueRequired\":true,\"valueName\":\"search_term_string\"}}],\"inLanguage\":\"pt-PT\"},{\"@type\":\"Organization\",\"@id\":\"https:\/\/sevenfitnessclub.pt\/seven\/#organization\",\"name\":\"Seven Fitness Club\",\"alternateName\":\"Seven\",\"url\":\"https:\/\/sevenfitnessclub.pt\/seven\/\",\"logo\":{\"@type\":\"ImageObject\",\"inLanguage\":\"pt-PT\",\"@id\":\"https:\/\/sevenfitnessclub.pt\/seven\/#\/schema\/logo\/image\/\",\"url\":\"https:\/\/sevenfitnessclub.pt\/seven\/wp-content\/uploads\/2022\/09\/logo.png\",\"contentUrl\":\"https:\/\/sevenfitnessclub.pt\/seven\/wp-content\/uploads\/2022\/09\/logo.png\",\"width\":482,\"height\":206,\"caption\":\"Seven Fitness Club\"},\"image\":{\"@id\":\"https:\/\/sevenfitnessclub.pt\/seven\/#\/schema\/logo\/image\/\"},\"sameAs\":[\"https:\/\/www.facebook.com\/sevenfitnessclub.matosinhos\",\"https:\/\/www.instagram.com\/sevenfitnessclub.pt\/\"]}]}<\/script>\n<!-- \/ Yoast SEO plugin. -->","yoast_head_json":{"title":"100 % online","description":"O treino 100% online \u00e9 uma modalidade de exerc\u00edcio f\u00edsico em\u00a0 t\u00eam acesso a programas de treino, aulas e acompanhamento de profissionais atrav\u00e9s da internet. \u00c9 uma forma conveniente e flex\u00edvel de se manter em forma pois permite treinar em casa ou em qualquer lugar, desde que se tenha acesso \u00e0 internet.   Os treinos podem ser realizados em tempo real, com transmiss\u00e3o ao vivo, ou atrav\u00e9s de v\u00eddeos gravados disponibilizados em plataformas online. O treino 100% online proporciona a conveni\u00eancia de treinar no seu pr\u00f3prio ritmo, de acordo com a sua disponibilidade de tempo, sem a necessidade de se deslocar at\u00e9 ao SEVEN. \u00c9 uma op\u00e7\u00e3o pr\u00e1tica, acess\u00edvel e eficaz para manter a forma f\u00edsica e alcan\u00e7ar os objetivos de condicionamento f\u00edsico.","robots":{"index":"index","follow":"follow","max-snippet":"max-snippet:-1","max-image-preview":"max-image-preview:large","max-video-preview":"max-video-preview:-1"},"canonical":"https:\/\/sevenfitnessclub.pt\/seven\/loja-online\/100-online\/","og_locale":"pt_PT","og_type":"article","og_title":"100 % online","og_description":"O treino 100% online \u00e9 uma modalidade de exerc\u00edcio f\u00edsico em\u00a0 t\u00eam acesso a programas de treino, aulas e acompanhamento de profissionais atrav\u00e9s da internet. \u00c9 uma forma conveniente e flex\u00edvel de se manter em forma pois permite treinar em casa ou em qualquer lugar, desde que se tenha acesso \u00e0 internet.   Os treinos podem ser realizados em tempo real, com transmiss\u00e3o ao vivo, ou atrav\u00e9s de v\u00eddeos gravados disponibilizados em plataformas online. O treino 100% online proporciona a conveni\u00eancia de treinar no seu pr\u00f3prio ritmo, de acordo com a sua disponibilidade de tempo, sem a necessidade de se deslocar at\u00e9 ao SEVEN. \u00c9 uma op\u00e7\u00e3o pr\u00e1tica, acess\u00edvel e eficaz para manter a forma f\u00edsica e alcan\u00e7ar os objetivos de condicionamento f\u00edsico.","og_url":"https:\/\/sevenfitnessclub.pt\/seven\/loja-online\/100-online\/","og_site_name":"Seven","article_publisher":"https:\/\/www.facebook.com\/sevenfitnessclub.matosinhos","article_modified_time":"2023-05-29T18:31:36+00:00","og_image":[{"width":750,"height":750,"url":"https:\/\/sevenfitnessclub.pt\/seven\/wp-content\/uploads\/online.png","type":"image\/png"}],"twitter_card":"summary_large_image","twitter_misc":{"Tempo estimado de leitura":"1 minuto"},"schema":{"@context":"https:\/\/schema.org","@graph":[{"@type":"WebPage","@id":"https:\/\/sevenfitnessclub.pt\/seven\/loja-online\/100-online\/","url":"https:\/\/sevenfitnessclub.pt\/seven\/loja-online\/100-online\/","name":"100 % online","isPartOf":{"@id":"https:\/\/sevenfitnessclub.pt\/seven\/#website"},"primaryImageOfPage":{"@id":"https:\/\/sevenfitnessclub.pt\/seven\/loja-online\/100-online\/#primaryimage"},"image":{"@id":"https:\/\/sevenfitnessclub.pt\/seven\/loja-online\/100-online\/#primaryimage"},"thumbnailUrl":"https:\/\/sevenfitnessclub.pt\/seven\/wp-content\/uploads\/online.png","datePublished":"2020-06-25T15:09:47+00:00","dateModified":"2023-05-29T18:31:36+00:00","description":"O treino 100% online \u00e9 uma modalidade de exerc\u00edcio f\u00edsico em\u00a0 t\u00eam acesso a programas de treino, aulas e acompanhamento de profissionais atrav\u00e9s da internet. \u00c9 uma forma conveniente e flex\u00edvel de se manter em forma pois permite treinar em casa ou em qualquer lugar, desde que se tenha acesso \u00e0 internet. Os treinos podem ser realizados em tempo real, com transmiss\u00e3o ao vivo, ou atrav\u00e9s de v\u00eddeos gravados disponibilizados em plataformas online. O treino 100% online proporciona a conveni\u00eancia de treinar no seu pr\u00f3prio ritmo, de acordo com a sua disponibilidade de tempo, sem a necessidade de se deslocar at\u00e9 ao SEVEN. \u00c9 uma op\u00e7\u00e3o pr\u00e1tica, acess\u00edvel e eficaz para manter a forma f\u00edsica e alcan\u00e7ar os objetivos de condicionamento f\u00edsico.","breadcrumb":{"@id":"https:\/\/sevenfitnessclub.pt\/seven\/loja-online\/100-online\/#breadcrumb"},"inLanguage":"pt-PT","potentialAction":[{"@type":"ReadAction","target":["https:\/\/sevenfitnessclub.pt\/seven\/loja-online\/100-online\/"]}]},{"@type":"ImageObject","inLanguage":"pt-PT","@id":"https:\/\/sevenfitnessclub.pt\/seven\/loja-online\/100-online\/#primaryimage","url":"https:\/\/sevenfitnessclub.pt\/seven\/wp-content\/uploads\/online.png","contentUrl":"https:\/\/sevenfitnessclub.pt\/seven\/wp-content\/uploads\/online.png","width":750,"height":750},{"@type":"BreadcrumbList","@id":"https:\/\/sevenfitnessclub.pt\/seven\/loja-online\/100-online\/#breadcrumb","itemListElement":[{"@type":"ListItem","position":1,"name":"In\u00edcio","item":"https:\/\/sevenfitnessclub.pt\/seven\/"},{"@type":"ListItem","position":2,"name":"Loja Online","item":"https:\/\/sevenfitnessclub.pt\/seven\/loja-online\/"},{"@type":"ListItem","position":3,"name":"Ades\u00f5es","item":"https:\/\/sevenfitnessclub.pt\/seven\/loja-online\/adesoes\/"},{"@type":"ListItem","position":4,"name":"online","item":"https:\/\/sevenfitnessclub.pt\/seven\/categoria-produto\/adesoes\/online\/"},{"@type":"ListItem","position":5,"name":"100 % online"}]},{"@type":"WebSite","@id":"https:\/\/sevenfitnessclub.pt\/seven\/#website","url":"https:\/\/sevenfitnessclub.pt\/seven\/","name":"Seven","description":"Nutri\u00e7\u00e3o , sa\u00fade e fitness","publisher":{"@id":"https:\/\/sevenfitnessclub.pt\/seven\/#organization"},"potentialAction":[{"@type":"SearchAction","target":{"@type":"EntryPoint","urlTemplate":"https:\/\/sevenfitnessclub.pt\/seven\/?s={search_term_string}"},"query-input":{"@type":"PropertyValueSpecification","valueRequired":true,"valueName":"search_term_string"}}],"inLanguage":"pt-PT"},{"@type":"Organization","@id":"https:\/\/sevenfitnessclub.pt\/seven\/#organization","name":"Seven Fitness Club","alternateName":"Seven","url":"https:\/\/sevenfitnessclub.pt\/seven\/","logo":{"@type":"ImageObject","inLanguage":"pt-PT","@id":"https:\/\/sevenfitnessclub.pt\/seven\/#\/schema\/logo\/image\/","url":"https:\/\/sevenfitnessclub.pt\/seven\/wp-content\/uploads\/2022\/09\/logo.png","contentUrl":"https:\/\/sevenfitnessclub.pt\/seven\/wp-content\/uploads\/2022\/09\/logo.png","width":482,"height":206,"caption":"Seven Fitness Club"},"image":{"@id":"https:\/\/sevenfitnessclub.pt\/seven\/#\/schema\/logo\/image\/"},"sameAs":["https:\/\/www.facebook.com\/sevenfitnessclub.matosinhos","https:\/\/www.instagram.com\/sevenfitnessclub.pt\/"]}]}},"_links":{"self":[{"href":"https:\/\/sevenfitnessclub.pt\/seven\/wp-json\/wp\/v2\/product\/8348","targetHints":{"allow":["GET"]}}],"collection":[{"href":"https:\/\/sevenfitnessclub.pt\/seven\/wp-json\/wp\/v2\/product"}],"about":[{"href":"https:\/\/sevenfitnessclub.pt\/seven\/wp-json\/wp\/v2\/types\/product"}],"version-history":[{"count":1,"href":"https:\/\/sevenfitnessclub.pt\/seven\/wp-json\/wp\/v2\/product\/8348\/revisions"}],"predecessor-version":[{"id":13700,"href":"https:\/\/sevenfitnessclub.pt\/seven\/wp-json\/wp\/v2\/product\/8348\/revisions\/13700"}],"wp:featuredmedia":[{"embeddable":true,"href":"https:\/\/sevenfitnessclub.pt\/seven\/wp-json\/wp\/v2\/media\/13679"}],"wp:attachment":[{"href":"https:\/\/sevenfitnessclub.pt\/seven\/wp-json\/wp\/v2\/media?parent=8348"}],"wp:term":[{"taxonomy":"product_brand","embeddable":true,"href":"https:\/\/sevenfitnessclub.pt\/seven\/wp-json\/wp\/v2\/product_brand?post=8348"},{"taxonomy":"product_cat","embeddable":true,"href":"https:\/\/sevenfitnessclub.pt\/seven\/wp-json\/wp\/v2\/product_cat?post=8348"},{"taxonomy":"product_tag","embeddable":true,"href":"https:\/\/sevenfitnessclub.pt\/seven\/wp-json\/wp\/v2\/product_tag?post=8348"}],"curies":[{"name":"wp","href":"https:\/\/api.w.org\/{rel}","templated":true}]}}