{"id":13612,"date":"2023-05-26T19:52:06","date_gmt":"2023-05-26T19:52:06","guid":{"rendered":"https:\/\/sevenfitnessclub.pt\/seven\/?post_type=product&#038;p=13612"},"modified":"2023-05-26T20:07:48","modified_gmt":"2023-05-26T20:07:48","slug":"boxe-matosinhos","status":"publish","type":"product","link":"https:\/\/sevenfitnessclub.pt\/seven\/loja-online\/boxe-matosinhos\/","title":{"rendered":"Boxe &#8211; matosinhos"},"content":{"rendered":"","protected":false},"excerpt":{"rendered":"","protected":false},"featured_media":13596,"template":"","meta":[],"product_brand":[],"product_cat":[408],"product_tag":[],"class_list":{"0":"post-13612","1":"product","2":"type-product","3":"status-publish","4":"has-post-thumbnail","6":"product_cat-aditivos","8":"first","9":"instock","10":"taxable","11":"shipping-taxable","12":"purchasable","13":"product-type-variable"},"yoast_head":"<!-- This site is optimized with the Yoast SEO plugin v26.1.1 - https:\/\/yoast.com\/wordpress\/plugins\/seo\/ -->\n<title>Boxe - matosinhos - Seven<\/title>\n<meta name=\"robots\" content=\"index, follow, max-snippet:-1, max-image-preview:large, max-video-preview:-1\" \/>\n<link rel=\"canonical\" href=\"https:\/\/sevenfitnessclub.pt\/seven\/loja-online\/boxe-matosinhos\/\" \/>\n<meta property=\"og:locale\" content=\"pt_PT\" \/>\n<meta property=\"og:type\" content=\"article\" \/>\n<meta property=\"og:title\" content=\"Boxe - matosinhos - Seven\" \/>\n<meta property=\"og:url\" content=\"https:\/\/sevenfitnessclub.pt\/seven\/loja-online\/boxe-matosinhos\/\" \/>\n<meta property=\"og:site_name\" content=\"Seven\" \/>\n<meta property=\"article:publisher\" content=\"https:\/\/www.facebook.com\/sevenfitnessclub.matosinhos\" \/>\n<meta property=\"article:modified_time\" content=\"2023-05-26T20:07:48+00:00\" \/>\n<meta property=\"og:image\" content=\"https:\/\/sevenfitnessclub.pt\/seven\/wp-content\/uploads\/4-5.png\" \/>\n\t<meta property=\"og:image:width\" content=\"750\" \/>\n\t<meta property=\"og:image:height\" content=\"750\" \/>\n\t<meta property=\"og:image:type\" content=\"image\/png\" \/>\n<meta name=\"twitter:card\" content=\"summary_large_image\" \/>\n<script type=\"application\/ld+json\" class=\"yoast-schema-graph\">{\"@context\":\"https:\/\/schema.org\",\"@graph\":[{\"@type\":\"WebPage\",\"@id\":\"https:\/\/sevenfitnessclub.pt\/seven\/loja-online\/boxe-matosinhos\/\",\"url\":\"https:\/\/sevenfitnessclub.pt\/seven\/loja-online\/boxe-matosinhos\/\",\"name\":\"Boxe - matosinhos - Seven\",\"isPartOf\":{\"@id\":\"https:\/\/sevenfitnessclub.pt\/seven\/#website\"},\"primaryImageOfPage\":{\"@id\":\"https:\/\/sevenfitnessclub.pt\/seven\/loja-online\/boxe-matosinhos\/#primaryimage\"},\"image\":{\"@id\":\"https:\/\/sevenfitnessclub.pt\/seven\/loja-online\/boxe-matosinhos\/#primaryimage\"},\"thumbnailUrl\":\"https:\/\/sevenfitnessclub.pt\/seven\/wp-content\/uploads\/4-5.png\",\"datePublished\":\"2023-05-26T19:52:06+00:00\",\"dateModified\":\"2023-05-26T20:07:48+00:00\",\"breadcrumb\":{\"@id\":\"https:\/\/sevenfitnessclub.pt\/seven\/loja-online\/boxe-matosinhos\/#breadcrumb\"},\"inLanguage\":\"pt-PT\",\"potentialAction\":[{\"@type\":\"ReadAction\",\"target\":[\"https:\/\/sevenfitnessclub.pt\/seven\/loja-online\/boxe-matosinhos\/\"]}]},{\"@type\":\"ImageObject\",\"inLanguage\":\"pt-PT\",\"@id\":\"https:\/\/sevenfitnessclub.pt\/seven\/loja-online\/boxe-matosinhos\/#primaryimage\",\"url\":\"https:\/\/sevenfitnessclub.pt\/seven\/wp-content\/uploads\/4-5.png\",\"contentUrl\":\"https:\/\/sevenfitnessclub.pt\/seven\/wp-content\/uploads\/4-5.png\",\"width\":750,\"height\":750},{\"@type\":\"BreadcrumbList\",\"@id\":\"https:\/\/sevenfitnessclub.pt\/seven\/loja-online\/boxe-matosinhos\/#breadcrumb\",\"itemListElement\":[{\"@type\":\"ListItem\",\"position\":1,\"name\":\"In\u00edcio\",\"item\":\"https:\/\/sevenfitnessclub.pt\/seven\/\"},{\"@type\":\"ListItem\",\"position\":2,\"name\":\"Loja Online\",\"item\":\"https:\/\/sevenfitnessclub.pt\/seven\/loja-online\/\"},{\"@type\":\"ListItem\",\"position\":3,\"name\":\"Artigos adicionais\",\"item\":\"https:\/\/sevenfitnessclub.pt\/seven\/categoria-produto\/aditivos\/\"},{\"@type\":\"ListItem\",\"position\":4,\"name\":\"Boxe &#8211; matosinhos\"}]},{\"@type\":\"WebSite\",\"@id\":\"https:\/\/sevenfitnessclub.pt\/seven\/#website\",\"url\":\"https:\/\/sevenfitnessclub.pt\/seven\/\",\"name\":\"Seven\",\"description\":\"Nutri\u00e7\u00e3o , sa\u00fade e fitness\",\"publisher\":{\"@id\":\"https:\/\/sevenfitnessclub.pt\/seven\/#organization\"},\"potentialAction\":[{\"@type\":\"SearchAction\",\"target\":{\"@type\":\"EntryPoint\",\"urlTemplate\":\"https:\/\/sevenfitnessclub.pt\/seven\/?s={search_term_string}\"},\"query-input\":{\"@type\":\"PropertyValueSpecification\",\"valueRequired\":true,\"valueName\":\"search_term_string\"}}],\"inLanguage\":\"pt-PT\"},{\"@type\":\"Organization\",\"@id\":\"https:\/\/sevenfitnessclub.pt\/seven\/#organization\",\"name\":\"Seven Fitness Club\",\"alternateName\":\"Seven\",\"url\":\"https:\/\/sevenfitnessclub.pt\/seven\/\",\"logo\":{\"@type\":\"ImageObject\",\"inLanguage\":\"pt-PT\",\"@id\":\"https:\/\/sevenfitnessclub.pt\/seven\/#\/schema\/logo\/image\/\",\"url\":\"https:\/\/sevenfitnessclub.pt\/seven\/wp-content\/uploads\/2022\/09\/logo.png\",\"contentUrl\":\"https:\/\/sevenfitnessclub.pt\/seven\/wp-content\/uploads\/2022\/09\/logo.png\",\"width\":482,\"height\":206,\"caption\":\"Seven Fitness Club\"},\"image\":{\"@id\":\"https:\/\/sevenfitnessclub.pt\/seven\/#\/schema\/logo\/image\/\"},\"sameAs\":[\"https:\/\/www.facebook.com\/sevenfitnessclub.matosinhos\",\"https:\/\/www.instagram.com\/sevenfitnessclub.pt\/\"]}]}<\/script>\n<!-- \/ Yoast SEO plugin. -->","yoast_head_json":{"title":"Boxe - matosinhos - Seven","robots":{"index":"index","follow":"follow","max-snippet":"max-snippet:-1","max-image-preview":"max-image-preview:large","max-video-preview":"max-video-preview:-1"},"canonical":"https:\/\/sevenfitnessclub.pt\/seven\/loja-online\/boxe-matosinhos\/","og_locale":"pt_PT","og_type":"article","og_title":"Boxe - matosinhos - Seven","og_url":"https:\/\/sevenfitnessclub.pt\/seven\/loja-online\/boxe-matosinhos\/","og_site_name":"Seven","article_publisher":"https:\/\/www.facebook.com\/sevenfitnessclub.matosinhos","article_modified_time":"2023-05-26T20:07:48+00:00","og_image":[{"width":750,"height":750,"url":"https:\/\/sevenfitnessclub.pt\/seven\/wp-content\/uploads\/4-5.png","type":"image\/png"}],"twitter_card":"summary_large_image","schema":{"@context":"https:\/\/schema.org","@graph":[{"@type":"WebPage","@id":"https:\/\/sevenfitnessclub.pt\/seven\/loja-online\/boxe-matosinhos\/","url":"https:\/\/sevenfitnessclub.pt\/seven\/loja-online\/boxe-matosinhos\/","name":"Boxe - matosinhos - Seven","isPartOf":{"@id":"https:\/\/sevenfitnessclub.pt\/seven\/#website"},"primaryImageOfPage":{"@id":"https:\/\/sevenfitnessclub.pt\/seven\/loja-online\/boxe-matosinhos\/#primaryimage"},"image":{"@id":"https:\/\/sevenfitnessclub.pt\/seven\/loja-online\/boxe-matosinhos\/#primaryimage"},"thumbnailUrl":"https:\/\/sevenfitnessclub.pt\/seven\/wp-content\/uploads\/4-5.png","datePublished":"2023-05-26T19:52:06+00:00","dateModified":"2023-05-26T20:07:48+00:00","breadcrumb":{"@id":"https:\/\/sevenfitnessclub.pt\/seven\/loja-online\/boxe-matosinhos\/#breadcrumb"},"inLanguage":"pt-PT","potentialAction":[{"@type":"ReadAction","target":["https:\/\/sevenfitnessclub.pt\/seven\/loja-online\/boxe-matosinhos\/"]}]},{"@type":"ImageObject","inLanguage":"pt-PT","@id":"https:\/\/sevenfitnessclub.pt\/seven\/loja-online\/boxe-matosinhos\/#primaryimage","url":"https:\/\/sevenfitnessclub.pt\/seven\/wp-content\/uploads\/4-5.png","contentUrl":"https:\/\/sevenfitnessclub.pt\/seven\/wp-content\/uploads\/4-5.png","width":750,"height":750},{"@type":"BreadcrumbList","@id":"https:\/\/sevenfitnessclub.pt\/seven\/loja-online\/boxe-matosinhos\/#breadcrumb","itemListElement":[{"@type":"ListItem","position":1,"name":"In\u00edcio","item":"https:\/\/sevenfitnessclub.pt\/seven\/"},{"@type":"ListItem","position":2,"name":"Loja Online","item":"https:\/\/sevenfitnessclub.pt\/seven\/loja-online\/"},{"@type":"ListItem","position":3,"name":"Artigos adicionais","item":"https:\/\/sevenfitnessclub.pt\/seven\/categoria-produto\/aditivos\/"},{"@type":"ListItem","position":4,"name":"Boxe &#8211; matosinhos"}]},{"@type":"WebSite","@id":"https:\/\/sevenfitnessclub.pt\/seven\/#website","url":"https:\/\/sevenfitnessclub.pt\/seven\/","name":"Seven","description":"Nutri\u00e7\u00e3o , sa\u00fade e fitness","publisher":{"@id":"https:\/\/sevenfitnessclub.pt\/seven\/#organization"},"potentialAction":[{"@type":"SearchAction","target":{"@type":"EntryPoint","urlTemplate":"https:\/\/sevenfitnessclub.pt\/seven\/?s={search_term_string}"},"query-input":{"@type":"PropertyValueSpecification","valueRequired":true,"valueName":"search_term_string"}}],"inLanguage":"pt-PT"},{"@type":"Organization","@id":"https:\/\/sevenfitnessclub.pt\/seven\/#organization","name":"Seven Fitness Club","alternateName":"Seven","url":"https:\/\/sevenfitnessclub.pt\/seven\/","logo":{"@type":"ImageObject","inLanguage":"pt-PT","@id":"https:\/\/sevenfitnessclub.pt\/seven\/#\/schema\/logo\/image\/","url":"https:\/\/sevenfitnessclub.pt\/seven\/wp-content\/uploads\/2022\/09\/logo.png","contentUrl":"https:\/\/sevenfitnessclub.pt\/seven\/wp-content\/uploads\/2022\/09\/logo.png","width":482,"height":206,"caption":"Seven Fitness Club"},"image":{"@id":"https:\/\/sevenfitnessclub.pt\/seven\/#\/schema\/logo\/image\/"},"sameAs":["https:\/\/www.facebook.com\/sevenfitnessclub.matosinhos","https:\/\/www.instagram.com\/sevenfitnessclub.pt\/"]}]}},"_links":{"self":[{"href":"https:\/\/sevenfitnessclub.pt\/seven\/wp-json\/wp\/v2\/product\/13612","targetHints":{"allow":["GET"]}}],"collection":[{"href":"https:\/\/sevenfitnessclub.pt\/seven\/wp-json\/wp\/v2\/product"}],"about":[{"href":"https:\/\/sevenfitnessclub.pt\/seven\/wp-json\/wp\/v2\/types\/product"}],"version-history":[{"count":0,"href":"https:\/\/sevenfitnessclub.pt\/seven\/wp-json\/wp\/v2\/product\/13612\/revisions"}],"wp:featuredmedia":[{"embeddable":true,"href":"https:\/\/sevenfitnessclub.pt\/seven\/wp-json\/wp\/v2\/media\/13596"}],"wp:attachment":[{"href":"https:\/\/sevenfitnessclub.pt\/seven\/wp-json\/wp\/v2\/media?parent=13612"}],"wp:term":[{"taxonomy":"product_brand","embeddable":true,"href":"https:\/\/sevenfitnessclub.pt\/seven\/wp-json\/wp\/v2\/product_brand?post=13612"},{"taxonomy":"product_cat","embeddable":true,"href":"https:\/\/sevenfitnessclub.pt\/seven\/wp-json\/wp\/v2\/product_cat?post=13612"},{"taxonomy":"product_tag","embeddable":true,"href":"https:\/\/sevenfitnessclub.pt\/seven\/wp-json\/wp\/v2\/product_tag?post=13612"}],"curies":[{"name":"wp","href":"https:\/\/api.w.org\/{rel}","templated":true}]}}