{"id":13582,"date":"2023-05-26T13:27:35","date_gmt":"2023-05-26T13:27:35","guid":{"rendered":"https:\/\/sevenfitnessclub.pt\/seven\/?post_type=product&#038;p=13582"},"modified":"2023-05-29T18:51:37","modified_gmt":"2023-05-29T18:51:37","slug":"plano-l-matosinhos","status":"publish","type":"product","link":"https:\/\/sevenfitnessclub.pt\/seven\/loja-online\/plano-l-matosinhos\/","title":{"rendered":"Plano L Matosinhos"},"content":{"rendered":"","protected":false},"excerpt":{"rendered":"<p><span class=\"S1PPyQ\">Hor\u00e1rio Dispon\u00edveis neste plano <\/span><\/p>\n<ul>\n<li><span class=\"S1PPyQ\">07H00 &#8211; 23H00<\/span><\/li>\n<\/ul>\n<p>i) Valor de inscri\u00e7\u00e3o de <strong>60\u20ac<\/strong> inclui:<\/p>\n<ol>\n<li>SEGURO DE ACIDENTES PESSOAIS (ANUAL)<\/li>\n<li>AV. F\u00cdSICA INICIAL COM PLANO DE TREINO<\/li>\n<li>AV. NUTRICIONAL COM CHECKUP<\/li>\n<\/ol>\n","protected":false},"featured_media":13440,"template":"","meta":[],"product_brand":[],"product_cat":[69,436,434,70],"product_tag":[],"class_list":{"0":"post-13582","1":"product","2":"type-product","3":"status-publish","4":"has-post-thumbnail","6":"product_cat-adesoes","7":"product_cat-matosinhos","8":"product_cat-planos-gerais","9":"product_cat-presencial","11":"first","12":"instock","13":"virtual","14":"taxable","15":"purchasable","16":"product-type-simple"},"yoast_head":"<!-- This site is optimized with the Yoast SEO plugin v26.1.1 - https:\/\/yoast.com\/wordpress\/plugins\/seo\/ -->\n<title>Plano L Matosinhos<\/title>\n<meta name=\"description\" content=\"Hor\u00e1rio Dispon\u00edveis neste plano    07H00 - 23H00  i) Valor de inscri\u00e7\u00e3o de 60\u20ac inclui:   SEGURO DE ACIDENTES PESSOAIS (ANUAL)  AV. F\u00cdSICA INICIAL COM PLANO DE TREINO  AV. NUTRICIONAL COM CHECKUP\" \/>\n<meta name=\"robots\" content=\"index, follow, max-snippet:-1, max-image-preview:large, max-video-preview:-1\" \/>\n<link rel=\"canonical\" href=\"https:\/\/sevenfitnessclub.pt\/seven\/loja-online\/plano-l-matosinhos\/\" \/>\n<meta property=\"og:locale\" content=\"pt_PT\" \/>\n<meta property=\"og:type\" content=\"article\" \/>\n<meta property=\"og:title\" content=\"Plano L Matosinhos\" \/>\n<meta property=\"og:description\" content=\"Hor\u00e1rio Dispon\u00edveis neste plano    07H00 - 23H00  i) Valor de inscri\u00e7\u00e3o de 60\u20ac inclui:   SEGURO DE ACIDENTES PESSOAIS (ANUAL)  AV. F\u00cdSICA INICIAL COM PLANO DE TREINO  AV. NUTRICIONAL COM CHECKUP\" \/>\n<meta property=\"og:url\" content=\"https:\/\/sevenfitnessclub.pt\/seven\/loja-online\/plano-l-matosinhos\/\" \/>\n<meta property=\"og:site_name\" content=\"Seven\" \/>\n<meta property=\"article:publisher\" content=\"https:\/\/www.facebook.com\/sevenfitnessclub.matosinhos\" \/>\n<meta property=\"article:modified_time\" content=\"2023-05-29T18:51:37+00:00\" \/>\n<meta property=\"og:image\" content=\"https:\/\/sevenfitnessclub.pt\/seven\/wp-content\/uploads\/8.png\" \/>\n\t<meta property=\"og:image:width\" content=\"750\" \/>\n\t<meta property=\"og:image:height\" content=\"750\" \/>\n\t<meta property=\"og:image:type\" content=\"image\/png\" \/>\n<meta name=\"twitter:card\" content=\"summary_large_image\" \/>\n<script type=\"application\/ld+json\" class=\"yoast-schema-graph\">{\"@context\":\"https:\/\/schema.org\",\"@graph\":[{\"@type\":\"WebPage\",\"@id\":\"https:\/\/sevenfitnessclub.pt\/seven\/loja-online\/plano-l-matosinhos\/\",\"url\":\"https:\/\/sevenfitnessclub.pt\/seven\/loja-online\/plano-l-matosinhos\/\",\"name\":\"Plano L Matosinhos\",\"isPartOf\":{\"@id\":\"https:\/\/sevenfitnessclub.pt\/seven\/#website\"},\"primaryImageOfPage\":{\"@id\":\"https:\/\/sevenfitnessclub.pt\/seven\/loja-online\/plano-l-matosinhos\/#primaryimage\"},\"image\":{\"@id\":\"https:\/\/sevenfitnessclub.pt\/seven\/loja-online\/plano-l-matosinhos\/#primaryimage\"},\"thumbnailUrl\":\"https:\/\/sevenfitnessclub.pt\/seven\/wp-content\/uploads\/8.png\",\"datePublished\":\"2023-05-26T13:27:35+00:00\",\"dateModified\":\"2023-05-29T18:51:37+00:00\",\"description\":\"Hor\u00e1rio Dispon\u00edveis neste plano 07H00 - 23H00 i) Valor de inscri\u00e7\u00e3o de 60\u20ac inclui: SEGURO DE ACIDENTES PESSOAIS (ANUAL) AV. F\u00cdSICA INICIAL COM PLANO DE TREINO AV. NUTRICIONAL COM CHECKUP\",\"breadcrumb\":{\"@id\":\"https:\/\/sevenfitnessclub.pt\/seven\/loja-online\/plano-l-matosinhos\/#breadcrumb\"},\"inLanguage\":\"pt-PT\",\"potentialAction\":[{\"@type\":\"ReadAction\",\"target\":[\"https:\/\/sevenfitnessclub.pt\/seven\/loja-online\/plano-l-matosinhos\/\"]}]},{\"@type\":\"ImageObject\",\"inLanguage\":\"pt-PT\",\"@id\":\"https:\/\/sevenfitnessclub.pt\/seven\/loja-online\/plano-l-matosinhos\/#primaryimage\",\"url\":\"https:\/\/sevenfitnessclub.pt\/seven\/wp-content\/uploads\/8.png\",\"contentUrl\":\"https:\/\/sevenfitnessclub.pt\/seven\/wp-content\/uploads\/8.png\",\"width\":750,\"height\":750},{\"@type\":\"BreadcrumbList\",\"@id\":\"https:\/\/sevenfitnessclub.pt\/seven\/loja-online\/plano-l-matosinhos\/#breadcrumb\",\"itemListElement\":[{\"@type\":\"ListItem\",\"position\":1,\"name\":\"In\u00edcio\",\"item\":\"https:\/\/sevenfitnessclub.pt\/seven\/\"},{\"@type\":\"ListItem\",\"position\":2,\"name\":\"Loja Online\",\"item\":\"https:\/\/sevenfitnessclub.pt\/seven\/loja-online\/\"},{\"@type\":\"ListItem\",\"position\":3,\"name\":\"Ades\u00f5es\",\"item\":\"https:\/\/sevenfitnessclub.pt\/seven\/loja-online\/adesoes\/\"},{\"@type\":\"ListItem\",\"position\":4,\"name\":\"Presencial\",\"item\":\"https:\/\/sevenfitnessclub.pt\/seven\/categoria-produto\/adesoes\/presencial\/\"},{\"@type\":\"ListItem\",\"position\":5,\"name\":\"Planos Gerais\",\"item\":\"https:\/\/sevenfitnessclub.pt\/seven\/categoria-produto\/adesoes\/presencial\/planos-gerais\/\"},{\"@type\":\"ListItem\",\"position\":6,\"name\":\"Matosinhos\",\"item\":\"https:\/\/sevenfitnessclub.pt\/seven\/categoria-produto\/adesoes\/presencial\/planos-gerais\/matosinhos\/\"},{\"@type\":\"ListItem\",\"position\":7,\"name\":\"Plano L Matosinhos\"}]},{\"@type\":\"WebSite\",\"@id\":\"https:\/\/sevenfitnessclub.pt\/seven\/#website\",\"url\":\"https:\/\/sevenfitnessclub.pt\/seven\/\",\"name\":\"Seven\",\"description\":\"Nutri\u00e7\u00e3o , sa\u00fade e fitness\",\"publisher\":{\"@id\":\"https:\/\/sevenfitnessclub.pt\/seven\/#organization\"},\"potentialAction\":[{\"@type\":\"SearchAction\",\"target\":{\"@type\":\"EntryPoint\",\"urlTemplate\":\"https:\/\/sevenfitnessclub.pt\/seven\/?s={search_term_string}\"},\"query-input\":{\"@type\":\"PropertyValueSpecification\",\"valueRequired\":true,\"valueName\":\"search_term_string\"}}],\"inLanguage\":\"pt-PT\"},{\"@type\":\"Organization\",\"@id\":\"https:\/\/sevenfitnessclub.pt\/seven\/#organization\",\"name\":\"Seven Fitness Club\",\"alternateName\":\"Seven\",\"url\":\"https:\/\/sevenfitnessclub.pt\/seven\/\",\"logo\":{\"@type\":\"ImageObject\",\"inLanguage\":\"pt-PT\",\"@id\":\"https:\/\/sevenfitnessclub.pt\/seven\/#\/schema\/logo\/image\/\",\"url\":\"https:\/\/sevenfitnessclub.pt\/seven\/wp-content\/uploads\/2022\/09\/logo.png\",\"contentUrl\":\"https:\/\/sevenfitnessclub.pt\/seven\/wp-content\/uploads\/2022\/09\/logo.png\",\"width\":482,\"height\":206,\"caption\":\"Seven Fitness Club\"},\"image\":{\"@id\":\"https:\/\/sevenfitnessclub.pt\/seven\/#\/schema\/logo\/image\/\"},\"sameAs\":[\"https:\/\/www.facebook.com\/sevenfitnessclub.matosinhos\",\"https:\/\/www.instagram.com\/sevenfitnessclub.pt\/\"]}]}<\/script>\n<!-- \/ Yoast SEO plugin. -->","yoast_head_json":{"title":"Plano L Matosinhos","description":"Hor\u00e1rio Dispon\u00edveis neste plano    07H00 - 23H00  i) Valor de inscri\u00e7\u00e3o de 60\u20ac inclui:   SEGURO DE ACIDENTES PESSOAIS (ANUAL)  AV. F\u00cdSICA INICIAL COM PLANO DE TREINO  AV. NUTRICIONAL COM CHECKUP","robots":{"index":"index","follow":"follow","max-snippet":"max-snippet:-1","max-image-preview":"max-image-preview:large","max-video-preview":"max-video-preview:-1"},"canonical":"https:\/\/sevenfitnessclub.pt\/seven\/loja-online\/plano-l-matosinhos\/","og_locale":"pt_PT","og_type":"article","og_title":"Plano L Matosinhos","og_description":"Hor\u00e1rio Dispon\u00edveis neste plano    07H00 - 23H00  i) Valor de inscri\u00e7\u00e3o de 60\u20ac inclui:   SEGURO DE ACIDENTES PESSOAIS (ANUAL)  AV. F\u00cdSICA INICIAL COM PLANO DE TREINO  AV. NUTRICIONAL COM CHECKUP","og_url":"https:\/\/sevenfitnessclub.pt\/seven\/loja-online\/plano-l-matosinhos\/","og_site_name":"Seven","article_publisher":"https:\/\/www.facebook.com\/sevenfitnessclub.matosinhos","article_modified_time":"2023-05-29T18:51:37+00:00","og_image":[{"width":750,"height":750,"url":"https:\/\/sevenfitnessclub.pt\/seven\/wp-content\/uploads\/8.png","type":"image\/png"}],"twitter_card":"summary_large_image","schema":{"@context":"https:\/\/schema.org","@graph":[{"@type":"WebPage","@id":"https:\/\/sevenfitnessclub.pt\/seven\/loja-online\/plano-l-matosinhos\/","url":"https:\/\/sevenfitnessclub.pt\/seven\/loja-online\/plano-l-matosinhos\/","name":"Plano L Matosinhos","isPartOf":{"@id":"https:\/\/sevenfitnessclub.pt\/seven\/#website"},"primaryImageOfPage":{"@id":"https:\/\/sevenfitnessclub.pt\/seven\/loja-online\/plano-l-matosinhos\/#primaryimage"},"image":{"@id":"https:\/\/sevenfitnessclub.pt\/seven\/loja-online\/plano-l-matosinhos\/#primaryimage"},"thumbnailUrl":"https:\/\/sevenfitnessclub.pt\/seven\/wp-content\/uploads\/8.png","datePublished":"2023-05-26T13:27:35+00:00","dateModified":"2023-05-29T18:51:37+00:00","description":"Hor\u00e1rio Dispon\u00edveis neste plano 07H00 - 23H00 i) Valor de inscri\u00e7\u00e3o de 60\u20ac inclui: SEGURO DE ACIDENTES PESSOAIS (ANUAL) AV. F\u00cdSICA INICIAL COM PLANO DE TREINO AV. NUTRICIONAL COM CHECKUP","breadcrumb":{"@id":"https:\/\/sevenfitnessclub.pt\/seven\/loja-online\/plano-l-matosinhos\/#breadcrumb"},"inLanguage":"pt-PT","potentialAction":[{"@type":"ReadAction","target":["https:\/\/sevenfitnessclub.pt\/seven\/loja-online\/plano-l-matosinhos\/"]}]},{"@type":"ImageObject","inLanguage":"pt-PT","@id":"https:\/\/sevenfitnessclub.pt\/seven\/loja-online\/plano-l-matosinhos\/#primaryimage","url":"https:\/\/sevenfitnessclub.pt\/seven\/wp-content\/uploads\/8.png","contentUrl":"https:\/\/sevenfitnessclub.pt\/seven\/wp-content\/uploads\/8.png","width":750,"height":750},{"@type":"BreadcrumbList","@id":"https:\/\/sevenfitnessclub.pt\/seven\/loja-online\/plano-l-matosinhos\/#breadcrumb","itemListElement":[{"@type":"ListItem","position":1,"name":"In\u00edcio","item":"https:\/\/sevenfitnessclub.pt\/seven\/"},{"@type":"ListItem","position":2,"name":"Loja Online","item":"https:\/\/sevenfitnessclub.pt\/seven\/loja-online\/"},{"@type":"ListItem","position":3,"name":"Ades\u00f5es","item":"https:\/\/sevenfitnessclub.pt\/seven\/loja-online\/adesoes\/"},{"@type":"ListItem","position":4,"name":"Presencial","item":"https:\/\/sevenfitnessclub.pt\/seven\/categoria-produto\/adesoes\/presencial\/"},{"@type":"ListItem","position":5,"name":"Planos Gerais","item":"https:\/\/sevenfitnessclub.pt\/seven\/categoria-produto\/adesoes\/presencial\/planos-gerais\/"},{"@type":"ListItem","position":6,"name":"Matosinhos","item":"https:\/\/sevenfitnessclub.pt\/seven\/categoria-produto\/adesoes\/presencial\/planos-gerais\/matosinhos\/"},{"@type":"ListItem","position":7,"name":"Plano L Matosinhos"}]},{"@type":"WebSite","@id":"https:\/\/sevenfitnessclub.pt\/seven\/#website","url":"https:\/\/sevenfitnessclub.pt\/seven\/","name":"Seven","description":"Nutri\u00e7\u00e3o , sa\u00fade e fitness","publisher":{"@id":"https:\/\/sevenfitnessclub.pt\/seven\/#organization"},"potentialAction":[{"@type":"SearchAction","target":{"@type":"EntryPoint","urlTemplate":"https:\/\/sevenfitnessclub.pt\/seven\/?s={search_term_string}"},"query-input":{"@type":"PropertyValueSpecification","valueRequired":true,"valueName":"search_term_string"}}],"inLanguage":"pt-PT"},{"@type":"Organization","@id":"https:\/\/sevenfitnessclub.pt\/seven\/#organization","name":"Seven Fitness Club","alternateName":"Seven","url":"https:\/\/sevenfitnessclub.pt\/seven\/","logo":{"@type":"ImageObject","inLanguage":"pt-PT","@id":"https:\/\/sevenfitnessclub.pt\/seven\/#\/schema\/logo\/image\/","url":"https:\/\/sevenfitnessclub.pt\/seven\/wp-content\/uploads\/2022\/09\/logo.png","contentUrl":"https:\/\/sevenfitnessclub.pt\/seven\/wp-content\/uploads\/2022\/09\/logo.png","width":482,"height":206,"caption":"Seven Fitness Club"},"image":{"@id":"https:\/\/sevenfitnessclub.pt\/seven\/#\/schema\/logo\/image\/"},"sameAs":["https:\/\/www.facebook.com\/sevenfitnessclub.matosinhos","https:\/\/www.instagram.com\/sevenfitnessclub.pt\/"]}]}},"_links":{"self":[{"href":"https:\/\/sevenfitnessclub.pt\/seven\/wp-json\/wp\/v2\/product\/13582","targetHints":{"allow":["GET"]}}],"collection":[{"href":"https:\/\/sevenfitnessclub.pt\/seven\/wp-json\/wp\/v2\/product"}],"about":[{"href":"https:\/\/sevenfitnessclub.pt\/seven\/wp-json\/wp\/v2\/types\/product"}],"version-history":[{"count":1,"href":"https:\/\/sevenfitnessclub.pt\/seven\/wp-json\/wp\/v2\/product\/13582\/revisions"}],"predecessor-version":[{"id":13702,"href":"https:\/\/sevenfitnessclub.pt\/seven\/wp-json\/wp\/v2\/product\/13582\/revisions\/13702"}],"wp:featuredmedia":[{"embeddable":true,"href":"https:\/\/sevenfitnessclub.pt\/seven\/wp-json\/wp\/v2\/media\/13440"}],"wp:attachment":[{"href":"https:\/\/sevenfitnessclub.pt\/seven\/wp-json\/wp\/v2\/media?parent=13582"}],"wp:term":[{"taxonomy":"product_brand","embeddable":true,"href":"https:\/\/sevenfitnessclub.pt\/seven\/wp-json\/wp\/v2\/product_brand?post=13582"},{"taxonomy":"product_cat","embeddable":true,"href":"https:\/\/sevenfitnessclub.pt\/seven\/wp-json\/wp\/v2\/product_cat?post=13582"},{"taxonomy":"product_tag","embeddable":true,"href":"https:\/\/sevenfitnessclub.pt\/seven\/wp-json\/wp\/v2\/product_tag?post=13582"}],"curies":[{"name":"wp","href":"https:\/\/api.w.org\/{rel}","templated":true}]}}